{"id":2556,"date":"2019-09-25T14:39:29","date_gmt":"2019-09-25T12:39:29","guid":{"rendered":"https:\/\/6c-tools.ch\/?page_id=2556"},"modified":"2021-02-05T16:15:59","modified_gmt":"2021-02-05T14:15:59","slug":"glass-and-glass-ceramics","status":"publish","type":"page","link":"https:\/\/6c-tools.ch\/en\/applications\/glass-and-glass-ceramics\/","title":{"rendered":"Glass and Glass Ceramics"},"content":{"rendered":"<p><div id=\"Glaskeramik\" class=\"fusion-container-anchor\"><div class=\"fusion-fullwidth fullwidth-box fusion-builder-row-1 fusion-parallax-fixed nonhundred-percent-fullwidth non-hundred-percent-height-scrolling\" style=\"--awb-border-radius-top-left:0px;--awb-border-radius-top-right:0px;--awb-border-radius-bottom-right:0px;--awb-border-radius-bottom-left:0px;--awb-margin-top:0px;--awb-background-image:url(&quot;https:\/\/6c-tools.ch\/wp-content\/uploads\/2018\/08\/Hintergrund-1.gif&quot;);--awb-background-size:cover;--awb-flex-wrap:wrap;background-attachment:fixed;\" ><div class=\"fusion-builder-row fusion-row\"><div class=\"fusion-layout-column fusion_builder_column fusion-builder-column-0 fusion_builder_column_1_1 1_1 fusion-one-full fusion-column-first fusion-column-last\" style=\"--awb-bg-size:cover;--awb-margin-top:130px;--awb-margin-bottom:130px;\"><div class=\"fusion-column-wrapper fusion-column-has-shadow fusion-flex-column-wrapper-legacy\"><div class=\"fusion-column-content-centered\"><div class=\"fusion-column-content\"><div class=\"fusion-title title fusion-title-1 fusion-sep-none fusion-title-center fusion-title-text fusion-title-size-one\" style=\"--awb-margin-bottom:0px;--awb-margin-top-small:0px;--awb-margin-right-small:0px;--awb-margin-bottom-small:20px;--awb-margin-left-small:0px;--awb-sep-color:#000000;\"><h1 class=\"fusion-title-heading title-heading-center fusion-responsive-typography-calculated\" style=\"margin:0;--fontSize:45;line-height:1;\"><h1 style=\"text-align: center;\">Glass und Glass Ceramics<\/h1><\/h1><\/div><\/div><\/div><div class=\"fusion-clearfix\"><\/div><\/div><\/div><\/div><\/div><\/div><div class=\"fusion-fullwidth fullwidth-box fusion-builder-row-2 fusion-parallax-fixed nonhundred-percent-fullwidth non-hundred-percent-height-scrolling\" style=\"--awb-border-radius-top-left:0px;--awb-border-radius-top-right:0px;--awb-border-radius-bottom-right:0px;--awb-border-radius-bottom-left:0px;--awb-margin-bottom:0px;--awb-background-image:url(&quot;https:\/\/6c-tools.ch\/wp-content\/uploads\/2018\/08\/Hintergrund-1.gif&quot;);--awb-background-size:cover;--awb-flex-wrap:wrap;background-attachment:fixed;\" ><div class=\"fusion-builder-row fusion-row\"><div class=\"fusion-layout-column fusion_builder_column fusion-builder-column-1 fusion_builder_column_1_2 1_2 fusion-one-half fusion-column-first\" style=\"--awb-padding-top:15px;--awb-padding-right:15px;--awb-padding-bottom:15px;--awb-padding-left:15px;--awb-bg-color:#abadbe;--awb-bg-color-hover:#abadbe;--awb-bg-size:cover;width:50%;width:calc(50% - ( ( 4% ) * 0.5 ) );margin-right: 4%;\"><div class=\"fusion-column-wrapper fusion-flex-column-wrapper-legacy\"><div class=\"fusion-column-content-centered\"><div class=\"fusion-column-content\"><div class=\"fusion-text fusion-text-1\"><h4><\/h4>\n<h6>The machining of glass and glass ceramics is an overall challenging manufacturing task. Depending on the material grades, highly specialized machines and tools are necessary. Beside the optical industry, also the 3C industry increasingly applies glass materials for 5G products. Thereby the challenges mostly are high surface quality and clean edges. By applying 6C Tools products, these criteria can be achieved also for smallest feature sizes.<\/h6>\n<\/div><\/div><\/div><div class=\"fusion-clearfix\"><\/div><\/div><\/div><div class=\"fusion-layout-column fusion_builder_column fusion-builder-column-2 fusion_builder_column_1_2 1_2 fusion-one-half fusion-column-last\" style=\"--awb-bg-size:cover;width:50%;width:calc(50% - ( ( 4% ) * 0.5 ) );\"><div class=\"fusion-column-wrapper fusion-flex-column-wrapper-legacy\"><div class=\"fusion-slider-sc fusion-flexslider-loading flexslider flexslider-hover-type-liftup fusion-slider-sc-cover\" data-slideshow_autoplay=\"1\" data-slideshow_smooth_height=\"0\" data-slideshow_speed=\"7000\" style=\"max-width:585.59px;height:377.58px;\"><ul class=\"slides\"><li class=\"image\"><span class=\"fusion-image-hover-element hover-type-liftup\"><img data-recalc-dims=\"1\" decoding=\"async\" src=\"https:\/\/i0.wp.com\/6c-tools.ch\/wp-content\/uploads\/2021\/02\/Fisba-Glas-vierkant-scaled.jpg?resize=1280%2C855&#038;ssl=1\" width=\"1280\" height=\"855\" class=\"wp-image-4603\" srcset=\"https:\/\/i0.wp.com\/6c-tools.ch\/wp-content\/uploads\/2021\/02\/Fisba-Glas-vierkant-scaled.jpg?resize=200%2C134&amp;ssl=1 200w, https:\/\/i0.wp.com\/6c-tools.ch\/wp-content\/uploads\/2021\/02\/Fisba-Glas-vierkant-scaled.jpg?resize=300%2C200&amp;ssl=1 300w, https:\/\/i0.wp.com\/6c-tools.ch\/wp-content\/uploads\/2021\/02\/Fisba-Glas-vierkant-scaled.jpg?resize=400%2C267&amp;ssl=1 400w, https:\/\/i0.wp.com\/6c-tools.ch\/wp-content\/uploads\/2021\/02\/Fisba-Glas-vierkant-scaled.jpg?resize=600%2C401&amp;ssl=1 600w, https:\/\/i0.wp.com\/6c-tools.ch\/wp-content\/uploads\/2021\/02\/Fisba-Glas-vierkant-scaled.jpg?resize=768%2C513&amp;ssl=1 768w, https:\/\/i0.wp.com\/6c-tools.ch\/wp-content\/uploads\/2021\/02\/Fisba-Glas-vierkant-scaled.jpg?resize=800%2C534&amp;ssl=1 800w, https:\/\/i0.wp.com\/6c-tools.ch\/wp-content\/uploads\/2021\/02\/Fisba-Glas-vierkant-scaled.jpg?resize=1024%2C684&amp;ssl=1 1024w, https:\/\/i0.wp.com\/6c-tools.ch\/wp-content\/uploads\/2021\/02\/Fisba-Glas-vierkant-scaled.jpg?resize=1200%2C801&amp;ssl=1 1200w, https:\/\/i0.wp.com\/6c-tools.ch\/wp-content\/uploads\/2021\/02\/Fisba-Glas-vierkant-scaled.jpg?resize=1536%2C1025&amp;ssl=1 1536w, https:\/\/i0.wp.com\/6c-tools.ch\/wp-content\/uploads\/2021\/02\/Fisba-Glas-vierkant-scaled.jpg?w=2560&amp;ssl=1 2560w\" sizes=\"(max-width: 592px) 100vw, 800px\" \/><\/span><\/li><li class=\"image\"><span class=\"fusion-image-hover-element hover-type-liftup\"><img data-recalc-dims=\"1\" decoding=\"async\" src=\"https:\/\/i0.wp.com\/6c-tools.ch\/wp-content\/uploads\/2019\/10\/Glas_Tannenbaum-gesamt-web.png?resize=800%2C535&#038;ssl=1\" width=\"800\" height=\"535\" class=\"wp-image-2854\" srcset=\"https:\/\/i0.wp.com\/6c-tools.ch\/wp-content\/uploads\/2019\/10\/Glas_Tannenbaum-gesamt-web.png?resize=200%2C134&amp;ssl=1 200w, https:\/\/i0.wp.com\/6c-tools.ch\/wp-content\/uploads\/2019\/10\/Glas_Tannenbaum-gesamt-web.png?resize=300%2C201&amp;ssl=1 300w, https:\/\/i0.wp.com\/6c-tools.ch\/wp-content\/uploads\/2019\/10\/Glas_Tannenbaum-gesamt-web.png?resize=400%2C268&amp;ssl=1 400w, https:\/\/i0.wp.com\/6c-tools.ch\/wp-content\/uploads\/2019\/10\/Glas_Tannenbaum-gesamt-web.png?resize=600%2C401&amp;ssl=1 600w, https:\/\/i0.wp.com\/6c-tools.ch\/wp-content\/uploads\/2019\/10\/Glas_Tannenbaum-gesamt-web.png?resize=768%2C514&amp;ssl=1 768w, https:\/\/i0.wp.com\/6c-tools.ch\/wp-content\/uploads\/2019\/10\/Glas_Tannenbaum-gesamt-web.png?w=800&amp;ssl=1 800w\" sizes=\"(max-width: 592px) 100vw, 800px\" \/><\/span><\/li><li class=\"image\"><span class=\"fusion-image-hover-element hover-type-liftup\"><img data-recalc-dims=\"1\" decoding=\"async\" src=\"https:\/\/i0.wp.com\/6c-tools.ch\/wp-content\/uploads\/2019\/10\/Bild_Glaskugel.png?resize=800%2C534&#038;ssl=1\" width=\"800\" height=\"534\" class=\"wp-image-2875\" srcset=\"https:\/\/i0.wp.com\/6c-tools.ch\/wp-content\/uploads\/2019\/10\/Bild_Glaskugel.png?resize=200%2C134&amp;ssl=1 200w, https:\/\/i0.wp.com\/6c-tools.ch\/wp-content\/uploads\/2019\/10\/Bild_Glaskugel.png?resize=300%2C200&amp;ssl=1 300w, https:\/\/i0.wp.com\/6c-tools.ch\/wp-content\/uploads\/2019\/10\/Bild_Glaskugel.png?resize=400%2C267&amp;ssl=1 400w, https:\/\/i0.wp.com\/6c-tools.ch\/wp-content\/uploads\/2019\/10\/Bild_Glaskugel.png?resize=600%2C401&amp;ssl=1 600w, https:\/\/i0.wp.com\/6c-tools.ch\/wp-content\/uploads\/2019\/10\/Bild_Glaskugel.png?resize=768%2C513&amp;ssl=1 768w, https:\/\/i0.wp.com\/6c-tools.ch\/wp-content\/uploads\/2019\/10\/Bild_Glaskugel.png?w=800&amp;ssl=1 800w\" sizes=\"(max-width: 592px) 100vw, 800px\" \/><\/span><\/li><li class=\"image\"><span class=\"fusion-image-hover-element hover-type-liftup\"><img data-recalc-dims=\"1\" decoding=\"async\" src=\"https:\/\/i0.wp.com\/6c-tools.ch\/wp-content\/uploads\/2019\/10\/Glas_Tannenbaum_web.png?resize=600%2C403&#038;ssl=1\" width=\"600\" height=\"403\" class=\"wp-image-2853\" srcset=\"https:\/\/i0.wp.com\/6c-tools.ch\/wp-content\/uploads\/2019\/10\/Glas_Tannenbaum_web.png?resize=200%2C134&amp;ssl=1 200w, https:\/\/i0.wp.com\/6c-tools.ch\/wp-content\/uploads\/2019\/10\/Glas_Tannenbaum_web.png?resize=300%2C202&amp;ssl=1 300w, https:\/\/i0.wp.com\/6c-tools.ch\/wp-content\/uploads\/2019\/10\/Glas_Tannenbaum_web.png?resize=400%2C269&amp;ssl=1 400w, https:\/\/i0.wp.com\/6c-tools.ch\/wp-content\/uploads\/2019\/10\/Glas_Tannenbaum_web.png?w=600&amp;ssl=1 600w\" sizes=\"(max-width: 592px) 100vw, 600px\" \/><\/span><\/li><li class=\"image\"><span class=\"fusion-image-hover-element hover-type-liftup\"><img data-recalc-dims=\"1\" decoding=\"async\" src=\"https:\/\/i0.wp.com\/6c-tools.ch\/wp-content\/uploads\/2019\/10\/Glas_fr%C3%A4sen_web_1155.png?resize=800%2C534&#038;ssl=1\" width=\"800\" height=\"534\" class=\"wp-image-2694\" srcset=\"https:\/\/i0.wp.com\/6c-tools.ch\/wp-content\/uploads\/2019\/10\/Glas_fr%C3%A4sen_web_1155.png?resize=200%2C134&amp;ssl=1 200w, https:\/\/i0.wp.com\/6c-tools.ch\/wp-content\/uploads\/2019\/10\/Glas_fr%C3%A4sen_web_1155.png?resize=300%2C200&amp;ssl=1 300w, https:\/\/i0.wp.com\/6c-tools.ch\/wp-content\/uploads\/2019\/10\/Glas_fr%C3%A4sen_web_1155.png?resize=400%2C267&amp;ssl=1 400w, https:\/\/i0.wp.com\/6c-tools.ch\/wp-content\/uploads\/2019\/10\/Glas_fr%C3%A4sen_web_1155.png?resize=600%2C401&amp;ssl=1 600w, https:\/\/i0.wp.com\/6c-tools.ch\/wp-content\/uploads\/2019\/10\/Glas_fr%C3%A4sen_web_1155.png?resize=768%2C513&amp;ssl=1 768w, https:\/\/i0.wp.com\/6c-tools.ch\/wp-content\/uploads\/2019\/10\/Glas_fr%C3%A4sen_web_1155.png?w=800&amp;ssl=1 800w\" sizes=\"(max-width: 592px) 100vw, 800px\" \/><\/span><\/li><\/ul><\/div><div class=\"fusion-clearfix\"><\/div><\/div><\/div><div class=\"fusion-layout-column fusion_builder_column fusion-builder-column-3 fusion_builder_column_1_1 1_1 fusion-one-full fusion-column-first fusion-column-last\" style=\"--awb-padding-top:30px;--awb-padding-bottom:30px;--awb-bg-size:cover;\"><div class=\"fusion-column-wrapper fusion-flex-column-wrapper-legacy\"><div class=\"fusion-column-content-centered\"><div class=\"fusion-column-content\"><div class=\"fusion-video fusion-youtube fusion-aligncenter\" style=\"--awb-max-width:500px;--awb-max-height:281px;--awb-width:100%;\"><div class=\"video-shortcode\"><div class=\"fluid-width-video-wrapper\" style=\"padding-top:56.2%;\" ><iframe title=\"YouTube video player 1\" src=\"https:\/\/www.youtube.com\/embed\/ZRTSCN2sXLM?wmode=transparent&autoplay=0\" width=\"500\" height=\"281\" allowfullscreen allow=\"autoplay; clipboard-write; encrypted-media; gyroscope; picture-in-picture;\"><\/iframe><\/div><\/div><\/div><\/div><\/div><div class=\"fusion-clearfix\"><\/div><\/div><\/div><\/div><\/div><\/p>","protected":false},"excerpt":{"rendered":"","protected":false},"author":1,"featured_media":0,"parent":2713,"menu_order":0,"comment_status":"closed","ping_status":"closed","template":"100-width.php","meta":{"footnotes":""},"class_list":["post-2556","page","type-page","status-publish","hentry"],"yoast_head":"<!-- This site is optimized with the Yoast SEO plugin v27.4 - https:\/\/yoast.com\/product\/yoast-seo-wordpress\/ -->\n<title>6C Tools AG - Application: Milling and Drilling of Glass and Glass Ceramics<\/title>\n<meta name=\"description\" content=\"Fr\u00e4sen und Bohren von Glas und Glaskeramik, durch den Einsatz von 6C Tools Produkten f\u00fcr hohe Oberfl\u00e4chenqualit\u00e4t und saubere Kanten auch bei kleinsten Featuregr\u00f6\u00dfen.\" \/>\n<meta name=\"robots\" content=\"index, follow, max-snippet:-1, max-image-preview:large, max-video-preview:-1\" \/>\n<link rel=\"canonical\" href=\"https:\/\/6c-tools.ch\/en\/applications\/glass-and-glass-ceramics\/\" \/>\n<meta property=\"og:locale\" content=\"en_US\" \/>\n<meta property=\"og:type\" content=\"article\" \/>\n<meta property=\"og:title\" content=\"6C Tools AG - Application: Milling and Drilling of Glass and Glass Ceramics\" \/>\n<meta property=\"og:description\" content=\"Fr\u00e4sen und Bohren von Glas und Glaskeramik, durch den Einsatz von 6C Tools Produkten f\u00fcr hohe Oberfl\u00e4chenqualit\u00e4t und saubere Kanten auch bei kleinsten Featuregr\u00f6\u00dfen.\" \/>\n<meta property=\"og:url\" content=\"https:\/\/6c-tools.ch\/en\/applications\/glass-and-glass-ceramics\/\" \/>\n<meta property=\"og:site_name\" content=\"6C Tools AG\" \/>\n<meta property=\"article:modified_time\" content=\"2021-02-05T14:15:59+00:00\" \/>\n<meta name=\"twitter:card\" content=\"summary_large_image\" \/>\n<meta name=\"twitter:label1\" content=\"Est. reading time\" \/>\n\t<meta name=\"twitter:data1\" content=\"3 minutes\" \/>\n<script type=\"application\/ld+json\" class=\"yoast-schema-graph\">{\"@context\":\"https:\\\/\\\/schema.org\",\"@graph\":[{\"@type\":\"WebPage\",\"@id\":\"https:\\\/\\\/6c-tools.ch\\\/en\\\/applications\\\/glass-and-glass-ceramics\\\/\",\"url\":\"https:\\\/\\\/6c-tools.ch\\\/en\\\/applications\\\/glass-and-glass-ceramics\\\/\",\"name\":\"6C Tools AG - Application: Milling and Drilling of Glass and Glass Ceramics\",\"isPartOf\":{\"@id\":\"https:\\\/\\\/6c-tools.ch\\\/en\\\/#website\"},\"datePublished\":\"2019-09-25T12:39:29+00:00\",\"dateModified\":\"2021-02-05T14:15:59+00:00\",\"description\":\"Fr\u00e4sen und Bohren von Glas und Glaskeramik, durch den Einsatz von 6C Tools Produkten f\u00fcr hohe Oberfl\u00e4chenqualit\u00e4t und saubere Kanten auch bei kleinsten Featuregr\u00f6\u00dfen.\",\"breadcrumb\":{\"@id\":\"https:\\\/\\\/6c-tools.ch\\\/en\\\/applications\\\/glass-and-glass-ceramics\\\/#breadcrumb\"},\"inLanguage\":\"en-US\",\"potentialAction\":[{\"@type\":\"ReadAction\",\"target\":[\"https:\\\/\\\/6c-tools.ch\\\/en\\\/applications\\\/glass-and-glass-ceramics\\\/\"]}]},{\"@type\":\"BreadcrumbList\",\"@id\":\"https:\\\/\\\/6c-tools.ch\\\/en\\\/applications\\\/glass-and-glass-ceramics\\\/#breadcrumb\",\"itemListElement\":[{\"@type\":\"ListItem\",\"position\":1,\"name\":\"Home\",\"item\":\"https:\\\/\\\/6c-tools.ch\\\/\"},{\"@type\":\"ListItem\",\"position\":2,\"name\":\"Applications\",\"item\":\"https:\\\/\\\/6c-tools.ch\\\/en\\\/applications\\\/\"},{\"@type\":\"ListItem\",\"position\":3,\"name\":\"Glass and Glass Ceramics\"}]},{\"@type\":\"WebSite\",\"@id\":\"https:\\\/\\\/6c-tools.ch\\\/en\\\/#website\",\"url\":\"https:\\\/\\\/6c-tools.ch\\\/en\\\/\",\"name\":\"6C Tools AG\",\"description\":\"PCD Tools made for hard materials like carbide and zircon oxide.\",\"publisher\":{\"@id\":\"https:\\\/\\\/6c-tools.ch\\\/en\\\/#organization\"},\"potentialAction\":[{\"@type\":\"SearchAction\",\"target\":{\"@type\":\"EntryPoint\",\"urlTemplate\":\"https:\\\/\\\/6c-tools.ch\\\/en\\\/?s={search_term_string}\"},\"query-input\":{\"@type\":\"PropertyValueSpecification\",\"valueRequired\":true,\"valueName\":\"search_term_string\"}}],\"inLanguage\":\"en-US\"},{\"@type\":\"Organization\",\"@id\":\"https:\\\/\\\/6c-tools.ch\\\/en\\\/#organization\",\"name\":\"6C Tools AG\",\"url\":\"https:\\\/\\\/6c-tools.ch\\\/en\\\/\",\"logo\":{\"@type\":\"ImageObject\",\"inLanguage\":\"en-US\",\"@id\":\"https:\\\/\\\/6c-tools.ch\\\/en\\\/#\\\/schema\\\/logo\\\/image\\\/\",\"url\":\"https:\\\/\\\/i1.wp.com\\\/6c-tools.ch\\\/wp-content\\\/uploads\\\/2018\\\/08\\\/cropped-Logo-e1534422824637.png?fit=512%2C512&ssl=1\",\"contentUrl\":\"https:\\\/\\\/i1.wp.com\\\/6c-tools.ch\\\/wp-content\\\/uploads\\\/2018\\\/08\\\/cropped-Logo-e1534422824637.png?fit=512%2C512&ssl=1\",\"width\":512,\"height\":512,\"caption\":\"6C Tools AG\"},\"image\":{\"@id\":\"https:\\\/\\\/6c-tools.ch\\\/en\\\/#\\\/schema\\\/logo\\\/image\\\/\"},\"sameAs\":[\"https:\\\/\\\/www.instagram.com\\\/6c_tools\\\/\",\"https:\\\/\\\/www.linkedin.com\\\/company\\\/6c-tools-ag\\\/?viewAsMember=true\",\"https:\\\/\\\/www.youtube.com\\\/channel\\\/UCcuZypWfbQ3L1x39ZoTI2gw\"]}]}<\/script>\n<!-- \/ Yoast SEO plugin. -->","yoast_head_json":{"title":"6C Tools AG - Application: Milling and Drilling of Glass and Glass Ceramics","description":"Fr\u00e4sen und Bohren von Glas und Glaskeramik, durch den Einsatz von 6C Tools Produkten f\u00fcr hohe Oberfl\u00e4chenqualit\u00e4t und saubere Kanten auch bei kleinsten Featuregr\u00f6\u00dfen.","robots":{"index":"index","follow":"follow","max-snippet":"max-snippet:-1","max-image-preview":"max-image-preview:large","max-video-preview":"max-video-preview:-1"},"canonical":"https:\/\/6c-tools.ch\/en\/applications\/glass-and-glass-ceramics\/","og_locale":"en_US","og_type":"article","og_title":"6C Tools AG - Application: Milling and Drilling of Glass and Glass Ceramics","og_description":"Fr\u00e4sen und Bohren von Glas und Glaskeramik, durch den Einsatz von 6C Tools Produkten f\u00fcr hohe Oberfl\u00e4chenqualit\u00e4t und saubere Kanten auch bei kleinsten Featuregr\u00f6\u00dfen.","og_url":"https:\/\/6c-tools.ch\/en\/applications\/glass-and-glass-ceramics\/","og_site_name":"6C Tools AG","article_modified_time":"2021-02-05T14:15:59+00:00","twitter_card":"summary_large_image","twitter_misc":{"Est. reading time":"3 minutes"},"schema":{"@context":"https:\/\/schema.org","@graph":[{"@type":"WebPage","@id":"https:\/\/6c-tools.ch\/en\/applications\/glass-and-glass-ceramics\/","url":"https:\/\/6c-tools.ch\/en\/applications\/glass-and-glass-ceramics\/","name":"6C Tools AG - Application: Milling and Drilling of Glass and Glass Ceramics","isPartOf":{"@id":"https:\/\/6c-tools.ch\/en\/#website"},"datePublished":"2019-09-25T12:39:29+00:00","dateModified":"2021-02-05T14:15:59+00:00","description":"Fr\u00e4sen und Bohren von Glas und Glaskeramik, durch den Einsatz von 6C Tools Produkten f\u00fcr hohe Oberfl\u00e4chenqualit\u00e4t und saubere Kanten auch bei kleinsten Featuregr\u00f6\u00dfen.","breadcrumb":{"@id":"https:\/\/6c-tools.ch\/en\/applications\/glass-and-glass-ceramics\/#breadcrumb"},"inLanguage":"en-US","potentialAction":[{"@type":"ReadAction","target":["https:\/\/6c-tools.ch\/en\/applications\/glass-and-glass-ceramics\/"]}]},{"@type":"BreadcrumbList","@id":"https:\/\/6c-tools.ch\/en\/applications\/glass-and-glass-ceramics\/#breadcrumb","itemListElement":[{"@type":"ListItem","position":1,"name":"Home","item":"https:\/\/6c-tools.ch\/"},{"@type":"ListItem","position":2,"name":"Applications","item":"https:\/\/6c-tools.ch\/en\/applications\/"},{"@type":"ListItem","position":3,"name":"Glass and Glass Ceramics"}]},{"@type":"WebSite","@id":"https:\/\/6c-tools.ch\/en\/#website","url":"https:\/\/6c-tools.ch\/en\/","name":"6C Tools AG","description":"PCD Tools made for hard materials like carbide and zircon oxide.","publisher":{"@id":"https:\/\/6c-tools.ch\/en\/#organization"},"potentialAction":[{"@type":"SearchAction","target":{"@type":"EntryPoint","urlTemplate":"https:\/\/6c-tools.ch\/en\/?s={search_term_string}"},"query-input":{"@type":"PropertyValueSpecification","valueRequired":true,"valueName":"search_term_string"}}],"inLanguage":"en-US"},{"@type":"Organization","@id":"https:\/\/6c-tools.ch\/en\/#organization","name":"6C Tools AG","url":"https:\/\/6c-tools.ch\/en\/","logo":{"@type":"ImageObject","inLanguage":"en-US","@id":"https:\/\/6c-tools.ch\/en\/#\/schema\/logo\/image\/","url":"https:\/\/i1.wp.com\/6c-tools.ch\/wp-content\/uploads\/2018\/08\/cropped-Logo-e1534422824637.png?fit=512%2C512&ssl=1","contentUrl":"https:\/\/i1.wp.com\/6c-tools.ch\/wp-content\/uploads\/2018\/08\/cropped-Logo-e1534422824637.png?fit=512%2C512&ssl=1","width":512,"height":512,"caption":"6C Tools AG"},"image":{"@id":"https:\/\/6c-tools.ch\/en\/#\/schema\/logo\/image\/"},"sameAs":["https:\/\/www.instagram.com\/6c_tools\/","https:\/\/www.linkedin.com\/company\/6c-tools-ag\/?viewAsMember=true","https:\/\/www.youtube.com\/channel\/UCcuZypWfbQ3L1x39ZoTI2gw"]}]}},"jetpack_sharing_enabled":false,"jetpack_shortlink":"https:\/\/wp.me\/P9Y8R0-Fe","jetpack_likes_enabled":false,"amp_enabled":false,"_links":{"self":[{"href":"https:\/\/6c-tools.ch\/en\/wp-json\/wp\/v2\/pages\/2556","targetHints":{"allow":["GET"]}}],"collection":[{"href":"https:\/\/6c-tools.ch\/en\/wp-json\/wp\/v2\/pages"}],"about":[{"href":"https:\/\/6c-tools.ch\/en\/wp-json\/wp\/v2\/types\/page"}],"author":[{"embeddable":true,"href":"https:\/\/6c-tools.ch\/en\/wp-json\/wp\/v2\/users\/1"}],"replies":[{"embeddable":true,"href":"https:\/\/6c-tools.ch\/en\/wp-json\/wp\/v2\/comments?post=2556"}],"version-history":[{"count":42,"href":"https:\/\/6c-tools.ch\/en\/wp-json\/wp\/v2\/pages\/2556\/revisions"}],"predecessor-version":[{"id":4620,"href":"https:\/\/6c-tools.ch\/en\/wp-json\/wp\/v2\/pages\/2556\/revisions\/4620"}],"up":[{"embeddable":true,"href":"https:\/\/6c-tools.ch\/en\/wp-json\/wp\/v2\/pages\/2713"}],"wp:attachment":[{"href":"https:\/\/6c-tools.ch\/en\/wp-json\/wp\/v2\/media?parent=2556"}],"curies":[{"name":"wp","href":"https:\/\/api.w.org\/{rel}","templated":true}]}}